{"id":4162,"date":"2023-11-08T16:28:41","date_gmt":"2023-11-08T15:28:41","guid":{"rendered":"https:\/\/uaks.de\/?page_id=4162"},"modified":"2023-11-29T16:34:24","modified_gmt":"2023-11-29T15:34:24","slug":"vorstand","status":"publish","type":"page","link":"https:\/\/uaks.de\/en\/ukrainische-kulturorganisation-in-stuttgart\/vorstand\/","title":{"rendered":"Management Board"},"content":{"rendered":"<p>[et_pb_section fb_built=&#8220;1&#8243; admin_label=&#8220;Page Title Section&#8220; _builder_version=&#8220;4.23.1&#8243; custom_padding=&#8220;110px||110px|&#8220; hover_enabled=&#8220;0&#8243; global_colors_info=&#8220;{}&#8220; background_enable_image=&#8220;off&#8220; background_color=&#8220;#E06100&#8243; sticky_enabled=&#8220;0&#8243; min_height=&#8220;237px&#8220; custom_margin=&#8220;||-88px|||&#8220;][et_pb_row column_structure=&#8220;1_2,1_2&#8243; _builder_version=&#8220;4.16&#8243; background_size=&#8220;initial&#8220; background_position=&#8220;top_left&#8220; background_repeat=&#8220;repeat&#8220; global_colors_info=&#8220;{}&#8220; custom_margin=&#8220;-50px|auto||auto||&#8220;][et_pb_column type=&#8220;1_2&#8243; _builder_version=&#8220;4.16&#8243; custom_padding=&#8220;|||&#8220; global_colors_info=&#8220;{}&#8220; custom_padding__hover=&#8220;|||&#8220;][et_pb_text admin_label=&#8220;Page Title&#8220; _builder_version=&#8220;4.16&#8243; text_font=&#8220;||||||||&#8220; header_font=&#8220;Poppins|600|||||||&#8220; header_font_size=&#8220;60px&#8220; header_2_font=&#8220;||||||||&#8220; background_layout=&#8220;dark&#8220; custom_margin=&#8220;||20px|&#8220; custom_padding=&#8220;|||&#8220; animation_style=&#8220;fade&#8220; header_font_size_tablet=&#8220;&#8220; header_font_size_phone=&#8220;40px&#8220; header_font_size_last_edited=&#8220;on|phone&#8220; global_colors_info=&#8220;{}&#8220;]<\/p>\n<h1>Unser Vorstand<\/h1>\n<p>[\/et_pb_text][\/et_pb_column][et_pb_column type=&#8220;1_2&#8243; _builder_version=&#8220;4.16&#8243; custom_padding=&#8220;|||&#8220; global_colors_info=&#8220;{}&#8220; custom_padding__hover=&#8220;|||&#8220;][et_pb_text admin_label=&#8220;Page Subtitle&#8220; _builder_version=&#8220;4.19.5&#8243; text_font=&#8220;Poppins||||||||&#8220; text_font_size=&#8220;18px&#8220; text_line_height=&#8220;1.8em&#8220; header_font=&#8220;||||||||&#8220; background_layout=&#8220;dark&#8220; animation_style=&#8220;fade&#8220; global_colors_info=&#8220;{}&#8220;]<\/p>\n<p>Um Kontakt zu unseren F\u00fchrungskr\u00e4ften aufzunehmen, schreiben Sie uns eine E-Mail an info@uaks.de<\/p>\n<p>[\/et_pb_text][\/et_pb_column][\/et_pb_row][\/et_pb_section][et_pb_section fb_built=&#8220;1&#8243; admin_label=&#8220;Team&#8220; _builder_version=&#8220;4.16&#8243; background_color=&#8220;#efe9e4&#8243; custom_padding=&#8220;90px||90px|&#8220; global_colors_info=&#8220;{}&#8220;][et_pb_row _builder_version=&#8220;4.16&#8243; custom_padding=&#8220;||10px|&#8220; locked=&#8220;off&#8220; global_colors_info=&#8220;{}&#8220; min_height=&#8220;42px&#8220; custom_margin=&#8220;-53px|auto||auto||&#8220;][et_pb_column type=&#8220;4_4&#8243; _builder_version=&#8220;4.16&#8243; custom_padding=&#8220;|||&#8220; global_colors_info=&#8220;{}&#8220; custom_padding__hover=&#8220;|||&#8220;][et_pb_text admin_label=&#8220;Title&#8220; _builder_version=&#8220;4.16&#8243; text_font=&#8220;||||||||&#8220; header_font=&#8220;||||||||&#8220; header_2_font=&#8220;Poppins|600|||||||&#8220; header_2_text_align=&#8220;center&#8220; header_2_font_size=&#8220;36px&#8220; header_2_line_height=&#8220;1.4em&#8220; max_width=&#8220;550px&#8220; module_alignment=&#8220;center&#8220; custom_margin=&#8220;||0px|&#8220; animation_style=&#8220;fade&#8220; locked=&#8220;off&#8220; global_colors_info=&#8220;{}&#8220; custom_padding=&#8220;0px|||||&#8220;]<\/p>\n<h2>Gesichte von UAKS<\/h2>\n<p>[\/et_pb_text][et_pb_divider color=&#8220;#fdb467&#8243; divider_position=&#8220;center&#8220; divider_weight=&#8220;3px&#8220; _builder_version=&#8220;4.16&#8243; max_width=&#8220;50px&#8220; module_alignment=&#8220;center&#8220; custom_margin=&#8220;||20px|&#8220; animation_style=&#8220;slide&#8220; animation_direction=&#8220;top&#8220; animation_intensity_slide=&#8220;10%&#8220; animation_starting_opacity=&#8220;100%&#8220; locked=&#8220;off&#8220; global_colors_info=&#8220;{}&#8220;][\/et_pb_divider][\/et_pb_column][\/et_pb_row][et_pb_row column_structure=&#8220;1_3,1_3,1_3&#8243; _builder_version=&#8220;4.16&#8243; custom_margin=&#8220;30px|||&#8220; custom_padding=&#8220;|||&#8220; global_colors_info=&#8220;{}&#8220;][et_pb_column type=&#8220;1_3&#8243; _builder_version=&#8220;4.16&#8243; custom_padding=&#8220;|||&#8220; global_colors_info=&#8220;{}&#8220; custom_padding__hover=&#8220;|||&#8220;][et_pb_team_member name=&#8220;Kseniya Fuchs&#8220; position=&#8220;Vereinsvorsitzende&#8220; image_url=&#8220;https:\/\/uaks.de\/wp-content\/uploads\/2023\/11\/kf.jpg&#8220; _builder_version=&#8220;4.19.5&#8243; header_font=&#8220;Poppins|600|||||||&#8220; header_font_size=&#8220;24px&#8220; body_font=&#8220;||||||||&#8220; body_font_size=&#8220;18px&#8220; text_orientation=&#8220;center&#8220; animation_style=&#8220;fade&#8220; global_colors_info=&#8220;{}&#8220;][\/et_pb_team_member][\/et_pb_column][et_pb_column type=&#8220;1_3&#8243; _builder_version=&#8220;4.16&#8243; custom_padding=&#8220;|||&#8220; global_colors_info=&#8220;{}&#8220; custom_padding__hover=&#8220;|||&#8220;][et_pb_team_member name=&#8220;Afina Albrecht&#8220; position=&#8220;Schriftf\u00fchrerin&#8220; image_url=&#8220;https:\/\/uaks.de\/wp-content\/uploads\/2023\/11\/aa.jpg&#8220; _builder_version=&#8220;4.19.5&#8243; header_font=&#8220;Poppins|600|||||||&#8220; header_font_size=&#8220;24px&#8220; body_font=&#8220;||||||||&#8220; body_font_size=&#8220;18px&#8220; text_orientation=&#8220;center&#8220; animation_style=&#8220;fade&#8220; locked=&#8220;off&#8220; global_colors_info=&#8220;{}&#8220;][\/et_pb_team_member][\/et_pb_column][et_pb_column type=&#8220;1_3&#8243; _builder_version=&#8220;4.16&#8243; custom_padding=&#8220;|||&#8220; global_colors_info=&#8220;{}&#8220; custom_padding__hover=&#8220;|||&#8220;][et_pb_team_member name=&#8220;Ilona Gerlach&#8220; position=&#8220;Schatzmeisterin&#8220; image_url=&#8220;https:\/\/uaks.de\/wp-content\/uploads\/2023\/11\/ig.jpg&#8220; _builder_version=&#8220;4.19.5&#8243; header_font=&#8220;Poppins|600|||||||&#8220; header_font_size=&#8220;24px&#8220; body_font=&#8220;||||||||&#8220; body_font_size=&#8220;18px&#8220; text_orientation=&#8220;center&#8220; animation_style=&#8220;fade&#8220; locked=&#8220;off&#8220; global_colors_info=&#8220;{}&#8220;][\/et_pb_team_member][\/et_pb_column][\/et_pb_row][\/et_pb_section][et_pb_section fb_built=&#8220;1&#8243; _builder_version=&#8220;4.19.5&#8243; background_color=&#8220;#1e1d1c&#8220; custom_padding=&#8220;90px||21px||false|&#8220; global_colors_info=&#8220;{}&#8220;][et_pb_row column_structure=&#8220;1_2,1_2&#8243; _builder_version=&#8220;4.16&#8243; global_colors_info=&#8220;{}&#8220;][et_pb_column type=&#8220;1_2&#8243; _builder_version=&#8220;4.16&#8243; custom_padding=&#8220;|||&#8220; global_colors_info=&#8220;{}&#8220; custom_padding__hover=&#8220;|||&#8220;][et_pb_image src=&#8220;https:\/\/uaks.de\/wp-content\/uploads\/2023\/11\/DSCF1691.jpg&#8220; title_text=&#8220;DSCF1691&#8243; force_fullwidth=&#8220;on&#8220; align_tablet=&#8220;center&#8220; align_phone=&#8220;center&#8220; align_last_edited=&#8220;on|desktop&#8220; _builder_version=&#8220;4.19.5&#8243; animation_style=&#8220;fade&#8220; global_colors_info=&#8220;{}&#8220;][\/et_pb_image][\/et_pb_column][et_pb_column type=&#8220;1_2&#8243; _builder_version=&#8220;4.16&#8243; custom_padding=&#8220;30px||30px|&#8220; global_colors_info=&#8220;{}&#8220; custom_padding__hover=&#8220;|||&#8220;][et_pb_text admin_label=&#8220;Title&#8220; _builder_version=&#8220;4.16&#8243; text_font=&#8220;||||||||&#8220; header_font=&#8220;||||||||&#8220; header_2_font=&#8220;Poppins|600|||||||&#8220; header_2_font_size=&#8220;36px&#8220; header_2_line_height=&#8220;1.2em&#8220; background_layout=&#8220;dark&#8220; max_width=&#8220;750px&#8220; custom_margin=&#8220;||0px|&#8220; animation_style=&#8220;fold&#8220; animation_direction=&#8220;left&#8220; animation_intensity_fold=&#8220;10%&#8220; animation_starting_opacity=&#8220;100%&#8220; global_colors_info=&#8220;{}&#8220;]<\/p>\n<h2>Unsere Vision<\/h2>\n<p>[\/et_pb_text][et_pb_divider color=&#8220;#fdb467&#8243; divider_position=&#8220;center&#8220; divider_weight=&#8220;3px&#8220; _builder_version=&#8220;4.16&#8243; max_width=&#8220;50px&#8220; animation_style=&#8220;slide&#8220; animation_direction=&#8220;top&#8220; animation_intensity_slide=&#8220;10%&#8220; animation_starting_opacity=&#8220;100%&#8220; global_colors_info=&#8220;{}&#8220;][\/et_pb_divider][et_pb_text _builder_version=&#8220;4.16&#8243; text_font=&#8220;Poppins||||||||&#8220; text_text_color=&#8220;rgba(255,255,255,0.7)&#8220; text_font_size=&#8220;18px&#8220; text_line_height=&#8220;1.8em&#8220; max_width=&#8220;750px&#8220; custom_margin=&#8220;25px|||&#8220; animation_style=&#8220;fold&#8220; animation_direction=&#8220;left&#8220; animation_intensity_fold=&#8220;10%&#8220; animation_starting_opacity=&#8220;100%&#8220; global_colors_info=&#8220;{}&#8220;]<\/p>\n<p><strong>Ukrainisches Atelier f\u00fcr Kultur &amp; Sport<\/strong> (UAKS) ist ein moderner und dynamischer Stuttgarter Verein.<\/p>\n<p>UAKS ist ein Netzwerk von K\u00fcnstler:innen und Aktivisten mit vielen innovativen Ideen, eine Organisation, die verschiedene kulturelle und sportliche Events veranstaltet und die Entwicklung der Kreativpotentials der Menschen f\u00f6rdert.<\/p>\n<p>[\/et_pb_text][\/et_pb_column][\/et_pb_row][\/et_pb_section][et_pb_section fb_built=&#8220;1&#8243; admin_label=&#8220;Divider Section&#8220; _builder_version=&#8220;4.16&#8243; background_color=&#8220;#1e1d1c&#8220; custom_padding=&#8220;0px||0px|&#8220; global_colors_info=&#8220;{}&#8220;][et_pb_row admin_label=&#8220;Divider Area&#8220; _builder_version=&#8220;4.16&#8243; custom_padding=&#8220;0px||0px|&#8220; global_colors_info=&#8220;{}&#8220;][et_pb_column type=&#8220;4_4&#8243; _builder_version=&#8220;4.16&#8243; custom_padding=&#8220;|||&#8220; global_colors_info=&#8220;{}&#8220; custom_padding__hover=&#8220;|||&#8220;][et_pb_divider color=&#8220;rgba(255,255,255,0.12)&#8220; divider_position=&#8220;center&#8220; _builder_version=&#8220;4.16&#8243; global_colors_info=&#8220;{}&#8220;][\/et_pb_divider][\/et_pb_column][\/et_pb_row][\/et_pb_section]<\/p>\n","protected":false},"excerpt":{"rendered":"<p>Unser VorstandUm Kontakt zu unseren F\u00fchrungskr\u00e4ften aufzunehmen, schreiben Sie uns eine E-Mail an info@uaks.deGesichte von UAKSUnsere VisionUkrainisches Atelier f\u00fcr Kultur &amp; Sport (UAKS) ist ein moderner und dynamischer Stuttgarter Verein. [&hellip;]<\/p>\n","protected":false},"author":1,"featured_media":0,"parent":4026,"menu_order":0,"comment_status":"closed","ping_status":"closed","template":"","meta":{"_et_pb_use_builder":"on","_et_pb_old_content":"","_et_gb_content_width":"","footnotes":""},"difl_page_category":[],"class_list":["post-4162","page","type-page","status-publish","hentry"],"yoast_head":"<!-- This site is optimized with the Yoast SEO plugin v27.2 - https:\/\/yoast.com\/product\/yoast-seo-wordpress\/ -->\n<title>Vorstand - Ukrainisches Atelier f\u00fcr Kultur und Sport<\/title>\n<meta name=\"robots\" content=\"index, follow, max-snippet:-1, max-image-preview:large, max-video-preview:-1\" \/>\n<link rel=\"canonical\" href=\"https:\/\/uaks.de\/en\/ukrainische-kulturorganisation-in-stuttgart\/vorstand\/\" \/>\n<meta property=\"og:locale\" content=\"en_GB\" \/>\n<meta property=\"og:type\" content=\"article\" \/>\n<meta property=\"og:title\" content=\"Vorstand - Ukrainisches Atelier f\u00fcr Kultur und Sport\" \/>\n<meta property=\"og:description\" content=\"Unser VorstandUm Kontakt zu unseren F\u00fchrungskr\u00e4ften aufzunehmen, schreiben Sie uns eine E-Mail an info@uaks.deGesichte von UAKSUnsere VisionUkrainisches Atelier f\u00fcr Kultur &amp; Sport (UAKS) ist ein moderner und dynamischer Stuttgarter Verein. [&hellip;]\" \/>\n<meta property=\"og:url\" content=\"https:\/\/uaks.de\/en\/ukrainische-kulturorganisation-in-stuttgart\/vorstand\/\" \/>\n<meta property=\"og:site_name\" content=\"Ukrainisches Atelier f\u00fcr Kultur und Sport\" \/>\n<meta property=\"article:publisher\" content=\"https:\/\/www.facebook.com\/uaks.eV\/\" \/>\n<meta property=\"article:modified_time\" content=\"2023-11-29T15:34:24+00:00\" \/>\n<meta name=\"twitter:card\" content=\"summary_large_image\" \/>\n<meta name=\"twitter:label1\" content=\"Estimated reading time\" \/>\n\t<meta name=\"twitter:data1\" content=\"5 minutes\" \/>\n<script type=\"application\/ld+json\" class=\"yoast-schema-graph\">{\"@context\":\"https:\/\/schema.org\",\"@graph\":[{\"@type\":\"WebPage\",\"@id\":\"https:\/\/uaks.de\/ukrainische-kulturorganisation-in-stuttgart\/vorstand\/\",\"url\":\"https:\/\/uaks.de\/ukrainische-kulturorganisation-in-stuttgart\/vorstand\/\",\"name\":\"Vorstand - Ukrainisches Atelier f\u00fcr Kultur und Sport\",\"isPartOf\":{\"@id\":\"https:\/\/uaks.de\/#website\"},\"datePublished\":\"2023-11-08T15:28:41+00:00\",\"dateModified\":\"2023-11-29T15:34:24+00:00\",\"breadcrumb\":{\"@id\":\"https:\/\/uaks.de\/ukrainische-kulturorganisation-in-stuttgart\/vorstand\/#breadcrumb\"},\"inLanguage\":\"en-GB\",\"potentialAction\":[{\"@type\":\"ReadAction\",\"target\":[\"https:\/\/uaks.de\/ukrainische-kulturorganisation-in-stuttgart\/vorstand\/\"]}]},{\"@type\":\"BreadcrumbList\",\"@id\":\"https:\/\/uaks.de\/ukrainische-kulturorganisation-in-stuttgart\/vorstand\/#breadcrumb\",\"itemListElement\":[{\"@type\":\"ListItem\",\"position\":1,\"name\":\"Startseite\",\"item\":\"https:\/\/uaks.de\/\"},{\"@type\":\"ListItem\",\"position\":2,\"name\":\"Verein\",\"item\":\"https:\/\/uaks.de\/\"},{\"@type\":\"ListItem\",\"position\":3,\"name\":\"Vorstand\"}]},{\"@type\":\"WebSite\",\"@id\":\"https:\/\/uaks.de\/#website\",\"url\":\"https:\/\/uaks.de\/\",\"name\":\"Ukrainisches Atelier f\u00fcr Kultur und Sport\",\"description\":\"Kulturelle Begegnungen der Ukrainer in Stuttgart\",\"publisher\":{\"@id\":\"https:\/\/uaks.de\/#organization\"},\"potentialAction\":[{\"@type\":\"SearchAction\",\"target\":{\"@type\":\"EntryPoint\",\"urlTemplate\":\"https:\/\/uaks.de\/?s={search_term_string}\"},\"query-input\":{\"@type\":\"PropertyValueSpecification\",\"valueRequired\":true,\"valueName\":\"search_term_string\"}}],\"inLanguage\":\"en-GB\"},{\"@type\":\"Organization\",\"@id\":\"https:\/\/uaks.de\/#organization\",\"name\":\"Ukrainisches Atelier f\u00fcr Kultur und Sport\",\"url\":\"https:\/\/uaks.de\/\",\"logo\":{\"@type\":\"ImageObject\",\"inLanguage\":\"en-GB\",\"@id\":\"https:\/\/uaks.de\/#\/schema\/logo\/image\/\",\"url\":\"https:\/\/uaks.de\/wp-content\/uploads\/2016\/11\/logo-uaks-small-png.png\",\"contentUrl\":\"https:\/\/uaks.de\/wp-content\/uploads\/2016\/11\/logo-uaks-small-png.png\",\"width\":150,\"height\":81,\"caption\":\"Ukrainisches Atelier f\u00fcr Kultur und Sport\"},\"image\":{\"@id\":\"https:\/\/uaks.de\/#\/schema\/logo\/image\/\"},\"sameAs\":[\"https:\/\/www.facebook.com\/uaks.eV\/\"]}]}<\/script>\n<!-- \/ Yoast SEO plugin. -->","yoast_head_json":{"title":"Vorstand - Ukrainisches Atelier f\u00fcr Kultur und Sport","robots":{"index":"index","follow":"follow","max-snippet":"max-snippet:-1","max-image-preview":"max-image-preview:large","max-video-preview":"max-video-preview:-1"},"canonical":"https:\/\/uaks.de\/en\/ukrainische-kulturorganisation-in-stuttgart\/vorstand\/","og_locale":"en_GB","og_type":"article","og_title":"Vorstand - Ukrainisches Atelier f\u00fcr Kultur und Sport","og_description":"Unser VorstandUm Kontakt zu unseren F\u00fchrungskr\u00e4ften aufzunehmen, schreiben Sie uns eine E-Mail an info@uaks.deGesichte von UAKSUnsere VisionUkrainisches Atelier f\u00fcr Kultur &amp; Sport (UAKS) ist ein moderner und dynamischer Stuttgarter Verein. [&hellip;]","og_url":"https:\/\/uaks.de\/en\/ukrainische-kulturorganisation-in-stuttgart\/vorstand\/","og_site_name":"Ukrainisches Atelier f\u00fcr Kultur und Sport","article_publisher":"https:\/\/www.facebook.com\/uaks.eV\/","article_modified_time":"2023-11-29T15:34:24+00:00","twitter_card":"summary_large_image","twitter_misc":{"Estimated reading time":"5 minutes"},"schema":{"@context":"https:\/\/schema.org","@graph":[{"@type":"WebPage","@id":"https:\/\/uaks.de\/ukrainische-kulturorganisation-in-stuttgart\/vorstand\/","url":"https:\/\/uaks.de\/ukrainische-kulturorganisation-in-stuttgart\/vorstand\/","name":"Vorstand - Ukrainisches Atelier f\u00fcr Kultur und Sport","isPartOf":{"@id":"https:\/\/uaks.de\/#website"},"datePublished":"2023-11-08T15:28:41+00:00","dateModified":"2023-11-29T15:34:24+00:00","breadcrumb":{"@id":"https:\/\/uaks.de\/ukrainische-kulturorganisation-in-stuttgart\/vorstand\/#breadcrumb"},"inLanguage":"en-GB","potentialAction":[{"@type":"ReadAction","target":["https:\/\/uaks.de\/ukrainische-kulturorganisation-in-stuttgart\/vorstand\/"]}]},{"@type":"BreadcrumbList","@id":"https:\/\/uaks.de\/ukrainische-kulturorganisation-in-stuttgart\/vorstand\/#breadcrumb","itemListElement":[{"@type":"ListItem","position":1,"name":"Startseite","item":"https:\/\/uaks.de\/"},{"@type":"ListItem","position":2,"name":"Verein","item":"https:\/\/uaks.de\/"},{"@type":"ListItem","position":3,"name":"Vorstand"}]},{"@type":"WebSite","@id":"https:\/\/uaks.de\/#website","url":"https:\/\/uaks.de\/","name":"Ukrainian studio for culture and sport","description":"Cultural encounters of Ukrainians in Stuttgart","publisher":{"@id":"https:\/\/uaks.de\/#organization"},"potentialAction":[{"@type":"SearchAction","target":{"@type":"EntryPoint","urlTemplate":"https:\/\/uaks.de\/?s={search_term_string}"},"query-input":{"@type":"PropertyValueSpecification","valueRequired":true,"valueName":"search_term_string"}}],"inLanguage":"en-GB"},{"@type":"Organization","@id":"https:\/\/uaks.de\/#organization","name":"Ukrainian studio for culture and sport","url":"https:\/\/uaks.de\/","logo":{"@type":"ImageObject","inLanguage":"en-GB","@id":"https:\/\/uaks.de\/#\/schema\/logo\/image\/","url":"https:\/\/uaks.de\/wp-content\/uploads\/2016\/11\/logo-uaks-small-png.png","contentUrl":"https:\/\/uaks.de\/wp-content\/uploads\/2016\/11\/logo-uaks-small-png.png","width":150,"height":81,"caption":"Ukrainisches Atelier f\u00fcr Kultur und Sport"},"image":{"@id":"https:\/\/uaks.de\/#\/schema\/logo\/image\/"},"sameAs":["https:\/\/www.facebook.com\/uaks.eV\/"]}]}},"_links":{"self":[{"href":"https:\/\/uaks.de\/en\/wp-json\/wp\/v2\/pages\/4162","targetHints":{"allow":["GET"]}}],"collection":[{"href":"https:\/\/uaks.de\/en\/wp-json\/wp\/v2\/pages"}],"about":[{"href":"https:\/\/uaks.de\/en\/wp-json\/wp\/v2\/types\/page"}],"author":[{"embeddable":true,"href":"https:\/\/uaks.de\/en\/wp-json\/wp\/v2\/users\/1"}],"replies":[{"embeddable":true,"href":"https:\/\/uaks.de\/en\/wp-json\/wp\/v2\/comments?post=4162"}],"version-history":[{"count":0,"href":"https:\/\/uaks.de\/en\/wp-json\/wp\/v2\/pages\/4162\/revisions"}],"up":[{"embeddable":true,"href":"https:\/\/uaks.de\/en\/wp-json\/wp\/v2\/pages\/4026"}],"wp:attachment":[{"href":"https:\/\/uaks.de\/en\/wp-json\/wp\/v2\/media?parent=4162"}],"wp:term":[{"taxonomy":"difl_page_category","embeddable":true,"href":"https:\/\/uaks.de\/en\/wp-json\/wp\/v2\/difl_page_category?post=4162"}],"curies":[{"name":"wp","href":"https:\/\/api.w.org\/{rel}","templated":true}]}}