{"id":5265,"date":"2025-11-24T14:05:52","date_gmt":"2025-11-24T13:05:52","guid":{"rendered":"https:\/\/uaks.de\/?page_id=5265"},"modified":"2026-01-05T15:48:42","modified_gmt":"2026-01-05T14:48:42","slug":"presse","status":"publish","type":"page","link":"https:\/\/uaks.de\/en\/presse\/","title":{"rendered":"Press"},"content":{"rendered":"<p>[et_pb_section fb_built=&#8220;1&#8243; _builder_version=&#8220;4.19.5&#8243; _module_preset=&#8220;default&#8220; global_colors_info=&#8220;{}&#8220;][et_pb_row _builder_version=&#8220;4.27.4&#8243; _module_preset=&#8220;default&#8220; global_colors_info=&#8220;{}&#8220;][et_pb_column type=&#8220;4_4&#8243; _builder_version=&#8220;4.27.4&#8243; _module_preset=&#8220;default&#8220; global_colors_info=&#8220;{}&#8220;][et_pb_divider color=&#8220;#E09900&#8243; divider_position=&#8220;center&#8220; divider_weight=&#8220;6px&#8220; _builder_version=&#8220;4.19.5&#8243; _module_preset=&#8220;default&#8220; global_colors_info=&#8220;{}&#8220;][\/et_pb_divider][et_pb_text _builder_version=&#8220;4.27.4&#8243; _module_preset=&#8220;default&#8220; global_colors_info=&#8220;{}&#8220;]<\/p>\n<h2 class=\"ql-align-center\" style=\"text-align: center;\">Presse<\/h2>\n<p>[\/et_pb_text][\/et_pb_column][\/et_pb_row][et_pb_row column_structure=&#8220;1_3,1_3,1_3&#8243; use_custom_gutter=&#8220;on&#8220; gutter_width=&#8220;2&#8243; make_equal=&#8220;on&#8220; _builder_version=&#8220;4.27.4&#8243; _module_preset=&#8220;default&#8220; module_alignment=&#8220;center&#8220; custom_css_main_element=&#8220;display: flex;||align-items: flex-end;&#8220; global_colors_info=&#8220;{}&#8220;][et_pb_column type=&#8220;1_3&#8243; _builder_version=&#8220;4.27.4&#8243; _module_preset=&#8220;default&#8220; global_colors_info=&#8220;{}&#8220;][et_pb_blurb title=&#8220;Mariott \u2013 Stiftung f\u00fcr zeitgem\u00e4\u00dfe Bildung&#8220; url=&#8220;http:\/\/marriott-stiftung.de\/portfolio-item\/projekt-3\/&#8220; image=&#8220;https:\/\/uaks.de\/wp-content\/uploads\/2025\/11\/image-8.png&#8220; _builder_version=&#8220;4.27.4&#8243; _module_preset=&#8220;default&#8220; link_option_url=&#8220;http:\/\/marriott-stiftung.de\/portfolio-item\/projekt-3\/&#8220; link_option_url_new_window=&#8220;on&#8220; global_colors_info=&#8220;{}&#8220;]<\/p>\n<p><a href=\"http:\/\/marriott-stiftung.de\/portfolio-item\/projekt-3\/\">http:\/\/marriott-stiftung.de\/portfolio-item\/projekt-3\/<\/a><\/p>\n<p>[\/et_pb_blurb][\/et_pb_column][et_pb_column type=&#8220;1_3&#8243; _builder_version=&#8220;4.27.4&#8243; _module_preset=&#8220;default&#8220; global_colors_info=&#8220;{}&#8220;][et_pb_blurb title=&#8220;Ukrainian Cultural Foundation&#8220; url=&#8220;https:\/\/uaculture.ucf.in.ua\/organisations\/go-ukrayinske-atel-ye-kultury-ta-sportu\/&#8220; image=&#8220;https:\/\/uaks.de\/wp-content\/uploads\/2025\/11\/image-7.png&#8220; _builder_version=&#8220;4.27.4&#8243; _module_preset=&#8220;default&#8220; link_option_url=&#8220;https:\/\/uaculture.ucf.in.ua\/organisations\/go-ukrayinske-atel-ye-kultury-ta-sportu\/&#8220; link_option_url_new_window=&#8220;on&#8220; global_colors_info=&#8220;{}&#8220;]<\/p>\n<p><a href=\"https:\/\/uaculture.ucf.in.ua\/en\/organisations\/ukrainian-atelier-of-culture-and-sport\/\">https:\/\/uaculture.ucf.in.ua\/en\/organisations\/ukrainian-atelier-of-culture-and-sport\/<\/a><a href=\"https:\/\/uaculture.ucf.in.ua\/organisations\/go-ukrayinske-atel-ye-kultury-ta-sportu\/\"><\/a><\/p>\n<p>[\/et_pb_blurb][\/et_pb_column][et_pb_column type=&#8220;1_3&#8243; _builder_version=&#8220;4.27.4&#8243; _module_preset=&#8220;default&#8220; global_colors_info=&#8220;{}&#8220;][et_pb_blurb title=&#8220;\u0427\u0438\u0442\u043e\u043c\u043e&#8220; url=&#8220;https:\/\/chytomo.com\/prosto-zroby-tse-khto-i-iak-stvoriuie-ukrainski-polychky-u-nimechchyni\/&#8220; image=&#8220;https:\/\/uaks.de\/wp-content\/uploads\/2025\/11\/image-9.png&#8220; _builder_version=&#8220;4.27.4&#8243; _module_preset=&#8220;default&#8220; link_option_url=&#8220;https:\/\/chytomo.com\/prosto-zroby-tse-khto-i-iak-stvoriuie-ukrainski-polychky-u-nimechchyni\/&#8220; link_option_url_new_window=&#8220;on&#8220; global_colors_info=&#8220;{}&#8220;]<a href=\"https:\/\/chytomo.com\/prosto-zroby-tse-khto-i-iak-stvoriuie-ukrainski-polychky-u-nimechchyni\/\">https:\/\/chytomo.com\/prosto-zroby-tse-khto-i-iak-stvoriuie-ukrainski-polychky-u-nimechchyni\/<\/a>[\/et_pb_blurb][\/et_pb_column][\/et_pb_row][et_pb_row column_structure=&#8220;1_3,1_3,1_3&#8243; use_custom_gutter=&#8220;on&#8220; gutter_width=&#8220;2&#8243; make_equal=&#8220;on&#8220; _builder_version=&#8220;4.27.4&#8243; _module_preset=&#8220;default&#8220; module_alignment=&#8220;center&#8220; custom_css_main_element=&#8220;display: flex;||align-items: flex-end;&#8220; global_colors_info=&#8220;{}&#8220;][et_pb_column type=&#8220;1_3&#8243; _builder_version=&#8220;4.27.4&#8243; _module_preset=&#8220;default&#8220; global_colors_info=&#8220;{}&#8220;][et_pb_blurb title=&#8220;Ukrinform&#8220; url=&#8220;https:\/\/www.ukrinform.ua\/rubric-diaspora\/2453006-na-pivdni-nimeccini-pokazali-ukrainske-kino.html&#8220; image=&#8220;https:\/\/uaks.de\/wp-content\/uploads\/2025\/11\/logo_ukrinform-1024&#215;106.png&#8220; _builder_version=&#8220;4.27.4&#8243; _module_preset=&#8220;default&#8220; link_option_url=&#8220;https:\/\/www.ukrinform.ua\/rubric-diaspora\/2453006-na-pivdni-nimeccini-pokazali-ukrainske-kino.html&#8220; link_option_url_new_window=&#8220;on&#8220; global_colors_info=&#8220;{}&#8220;]<\/p>\n<p><a href=\"https:\/\/www.ukrinform.ua\/rubric-diaspora\/2453006-na-pivdni-nimeccini-pokazali-ukrainske-kino.html\">https:\/\/www.ukrinform.ua\/rubric-diaspora\/2453006-na-pivdni-nimeccini-pokazali-ukrainske-kino.html<\/a><\/p>\n<p>[\/et_pb_blurb][\/et_pb_column][et_pb_column type=&#8220;1_3&#8243; _builder_version=&#8220;4.27.4&#8243; _module_preset=&#8220;default&#8220; global_colors_info=&#8220;{}&#8220;][et_pb_blurb title=&#8220;UAPP&#8220; url=&#8220;https:\/\/uaculture.ucf.in.ua\/organisations\/go-ukrayinske-atel-ye-kultury-ta-sportu\/&#8220; image=&#8220;https:\/\/uaks.de\/wp-content\/uploads\/2025\/11\/uapp-logo.png&#8220; _builder_version=&#8220;4.27.4&#8243; _module_preset=&#8220;default&#8220; link_option_url=&#8220;https:\/\/uaculture.ucf.in.ua\/organisations\/go-ukrayinske-atel-ye-kultury-ta-sportu\/&#8220; link_option_url_new_window=&#8220;on&#8220; global_colors_info=&#8220;{}&#8220;]<\/p>\n<p><a href=\"https:\/\/www.ukrainianphotographers.com\/uni-story\/sms-iz-mariupolya\">https:\/\/www.ukrainianphotographers.com\/uni-story\/sms-iz-mariupolya<\/a><\/p>\n<p>[\/et_pb_blurb][\/et_pb_column][et_pb_column type=&#8220;1_3&#8243; _builder_version=&#8220;4.27.4&#8243; _module_preset=&#8220;default&#8220; global_colors_info=&#8220;{}&#8220;][et_pb_blurb title=&#8220;B\u00f6rsenblatt&#8220; url=&#8220;https:\/\/chytomo.com\/prosto-zroby-tse-khto-i-iak-stvoriuie-ukrainski-polychky-u-nimechchyni\/&#8220; image=&#8220;https:\/\/uaks.de\/wp-content\/uploads\/2026\/01\/Bildschirmfoto-2026-01-05-um-15.39.33.png&#8220; _builder_version=&#8220;4.27.5&#8243; _module_preset=&#8220;default&#8220; link_option_url=&#8220;https:\/\/chytomo.com\/prosto-zroby-tse-khto-i-iak-stvoriuie-ukrainski-polychky-u-nimechchyni\/&#8220; link_option_url_new_window=&#8220;on&#8220; hover_enabled=&#8220;0&#8243; global_colors_info=&#8220;{}&#8220; title_text=&#8220;B\u00f6rsenblatt&#8220; sticky_enabled=&#8220;0&#8243;]<\/p>\n<p><a href=\"https:\/\/chytomo.com\/prosto-zroby-tse-khto-i-iak-stvoriuie-ukrainski-polychky-u-nimechchyni\/\">www.boersenblatt.net\/service\/spotlight-auf-die-zeitgenoessische-literatur-der-ukraine-393945\/online-schwerpunkt\/schenk\/16-10-2025<\/a><\/p>\n<p>[\/et_pb_blurb][\/et_pb_column][\/et_pb_row][et_pb_row _builder_version=&#8220;4.27.4&#8243; _module_preset=&#8220;default&#8220; global_colors_info=&#8220;{}&#8220;][et_pb_column type=&#8220;4_4&#8243; _builder_version=&#8220;4.27.4&#8243; _module_preset=&#8220;default&#8220; global_colors_info=&#8220;{}&#8220;][et_pb_divider color=&#8220;#E09900&#8243; divider_position=&#8220;center&#8220; divider_weight=&#8220;6px&#8220; _builder_version=&#8220;4.19.5&#8243; _module_preset=&#8220;default&#8220; global_colors_info=&#8220;{}&#8220;][\/et_pb_divider][\/et_pb_column][\/et_pb_row][et_pb_row column_structure=&#8220;1_2,1_2&#8243; _builder_version=&#8220;4.19.5&#8243; _module_preset=&#8220;default&#8220; global_colors_info=&#8220;{}&#8220;][et_pb_column type=&#8220;1_2&#8243; _builder_version=&#8220;4.19.5&#8243; _module_preset=&#8220;default&#8220; global_colors_info=&#8220;{}&#8220;][et_pb_cta title=&#8220;Jetzt spenden und Ukraine unterst\u00fctzen&#8220; button_text=&#8220;Klicks&#8220; _builder_version=&#8220;4.24.2&#8243; _module_preset=&#8220;default&#8220; background_color=&#8220;#E09900&#8243; background_layout=&#8220;light&#8220; global_colors_info=&#8220;{}&#8220;]<\/p>\n<p style=\"text-align: left;\"><strong>Kreissparkasse Waiblingen<\/strong><br \/>DE 02 6025 0010 0015 1766 44<br \/>BIC: SOLADES1WBN<\/p>\n<p style=\"text-align: left;\"><strong>BW Bank Stuttgart<\/strong><br \/>IBAN: DE17600501010002857079<br \/>BIC: SOLADEST600<\/p>\n<p style=\"text-align: left;\"><strong>PayPal<\/strong><br \/>Email: <strong><a href=\"mailto:info@uaks.de\">info@uaks.de<\/a><\/strong><\/p>\n<p style=\"text-align: left;\">Verwendungszweck: Ukraine-Hilfe<\/p>\n<p>[\/et_pb_cta][\/et_pb_column][et_pb_column type=&#8220;1_2&#8243; _builder_version=&#8220;4.19.5&#8243; _module_preset=&#8220;default&#8220; global_colors_info=&#8220;{}&#8220;][et_pb_cta title=&#8220;Hilfe f\u00fcr die Ukraine: Aktuelle Themen und Bedarf&#8220; button_text=&#8220;Klicks&#8220; _builder_version=&#8220;4.23.1&#8243; _module_preset=&#8220;default&#8220; background_color=&#8220;#099b83&#8243; min_height=&#8220;423px&#8220; custom_margin=&#8220;||0px||false|false&#8220; global_colors_info=&#8220;{}&#8220;]<\/p>\n<p style=\"text-align: left;\">Menschen in der Ukraine ben\u00f6tigen aktuell alles m\u00f6gliche an Medikamenten und Verbandsmaterial. Von Hustensaft \u00fcber Paracetamol bis hin zu Insulin. Auch Erste-Hilfe-, Bluttransfusions-Sets oder Larynxtubus sind gefragt. Wenn Sie uns mit der Sachspende unterst\u00fctzen m\u00f6chten, schreiben Sie uns an<span>\u00a0<\/span><a href=\"mailto:info@uaks.de\">info@uaks.de.<\/a><\/p>\n<p style=\"text-align: left;\">Wenn Sie eine offizielle\u00a0<strong>Spendenbescheinigung<br \/><\/strong>erhalten m\u00f6chten, senden Sie uns Ihren Namen und die Adresse zu. Bei den Sachspendenbescheinigungen ben\u00f6tigen wir zus\u00e4tzlich noch Dokumente, die den Wert der Ware best\u00e4tigen (z. B. Rechnung).<\/p>\n<p>[\/et_pb_cta][\/et_pb_column][\/et_pb_row][\/et_pb_section]<\/p>\n","protected":false},"excerpt":{"rendered":"<p>Pressehttp:\/\/marriott-stiftung.de\/portfolio-item\/projekt-3\/https:\/\/uaculture.ucf.in.ua\/en\/organisations\/ukrainian-atelier-of-culture-and-sport\/https:\/\/chytomo.com\/prosto-zroby-tse-khto-i-iak-stvoriuie-ukrainski-polychky-u-nimechchyni\/https:\/\/www.ukrinform.ua\/rubric-diaspora\/2453006-na-pivdni-nimeccini-pokazali-ukrainske-kino.htmlhttps:\/\/www.ukrainianphotographers.com\/uni-story\/sms-iz-mariupolyawww.boersenblatt.net\/service\/spotlight-auf-die-zeitgenoessische-literatur-der-ukraine-393945\/online-schwerpunkt\/schenk\/16-10-2025Kreissparkasse WaiblingenDE 02 6025 0010 0015 1766 44BIC: SOLADES1WBN BW Bank StuttgartIBAN: DE17600501010002857079BIC: SOLADEST600 PayPalEmail: info@uaks.de Verwendungszweck: Ukraine-HilfeMenschen in der Ukraine ben\u00f6tigen aktuell alles m\u00f6gliche an Medikamenten und Verbandsmaterial. Von [&hellip;]<\/p>\n","protected":false},"author":1,"featured_media":0,"parent":0,"menu_order":0,"comment_status":"closed","ping_status":"closed","template":"","meta":{"_et_pb_use_builder":"on","_et_pb_old_content":"","_et_gb_content_width":"","footnotes":""},"difl_page_category":[],"class_list":["post-5265","page","type-page","status-publish","hentry"],"yoast_head":"<!-- This site is optimized with the Yoast SEO plugin v27.2 - https:\/\/yoast.com\/product\/yoast-seo-wordpress\/ -->\n<title>Presse - Ukrainisches Atelier f\u00fcr Kultur und Sport<\/title>\n<meta name=\"robots\" content=\"index, follow, max-snippet:-1, max-image-preview:large, max-video-preview:-1\" \/>\n<link rel=\"canonical\" href=\"https:\/\/uaks.de\/en\/presse\/\" \/>\n<meta property=\"og:locale\" content=\"en_GB\" \/>\n<meta property=\"og:type\" content=\"article\" \/>\n<meta property=\"og:title\" content=\"Presse - Ukrainisches Atelier f\u00fcr Kultur und Sport\" \/>\n<meta property=\"og:description\" content=\"Pressehttp:\/\/marriott-stiftung.de\/portfolio-item\/projekt-3\/https:\/\/uaculture.ucf.in.ua\/en\/organisations\/ukrainian-atelier-of-culture-and-sport\/https:\/\/chytomo.com\/prosto-zroby-tse-khto-i-iak-stvoriuie-ukrainski-polychky-u-nimechchyni\/https:\/\/www.ukrinform.ua\/rubric-diaspora\/2453006-na-pivdni-nimeccini-pokazali-ukrainske-kino.htmlhttps:\/\/www.ukrainianphotographers.com\/uni-story\/sms-iz-mariupolyawww.boersenblatt.net\/service\/spotlight-auf-die-zeitgenoessische-literatur-der-ukraine-393945\/online-schwerpunkt\/schenk\/16-10-2025Kreissparkasse WaiblingenDE 02 6025 0010 0015 1766 44BIC: SOLADES1WBN BW Bank StuttgartIBAN: DE17600501010002857079BIC: SOLADEST600 PayPalEmail: info@uaks.de Verwendungszweck: Ukraine-HilfeMenschen in der Ukraine ben\u00f6tigen aktuell alles m\u00f6gliche an Medikamenten und Verbandsmaterial. Von [&hellip;]\" \/>\n<meta property=\"og:url\" content=\"https:\/\/uaks.de\/en\/presse\/\" \/>\n<meta property=\"og:site_name\" content=\"Ukrainisches Atelier f\u00fcr Kultur und Sport\" \/>\n<meta property=\"article:publisher\" content=\"https:\/\/www.facebook.com\/uaks.eV\/\" \/>\n<meta property=\"article:modified_time\" content=\"2026-01-05T14:48:42+00:00\" \/>\n<meta name=\"twitter:card\" content=\"summary_large_image\" \/>\n<meta name=\"twitter:label1\" content=\"Estimated reading time\" \/>\n\t<meta name=\"twitter:data1\" content=\"5 minutes\" \/>\n<script type=\"application\/ld+json\" class=\"yoast-schema-graph\">{\"@context\":\"https:\/\/schema.org\",\"@graph\":[{\"@type\":\"WebPage\",\"@id\":\"https:\/\/uaks.de\/presse\/\",\"url\":\"https:\/\/uaks.de\/presse\/\",\"name\":\"Presse - Ukrainisches Atelier f\u00fcr Kultur und Sport\",\"isPartOf\":{\"@id\":\"https:\/\/uaks.de\/#website\"},\"datePublished\":\"2025-11-24T13:05:52+00:00\",\"dateModified\":\"2026-01-05T14:48:42+00:00\",\"breadcrumb\":{\"@id\":\"https:\/\/uaks.de\/presse\/#breadcrumb\"},\"inLanguage\":\"en-GB\",\"potentialAction\":[{\"@type\":\"ReadAction\",\"target\":[\"https:\/\/uaks.de\/presse\/\"]}]},{\"@type\":\"BreadcrumbList\",\"@id\":\"https:\/\/uaks.de\/presse\/#breadcrumb\",\"itemListElement\":[{\"@type\":\"ListItem\",\"position\":1,\"name\":\"Startseite\",\"item\":\"https:\/\/uaks.de\/\"},{\"@type\":\"ListItem\",\"position\":2,\"name\":\"Presse\"}]},{\"@type\":\"WebSite\",\"@id\":\"https:\/\/uaks.de\/#website\",\"url\":\"https:\/\/uaks.de\/\",\"name\":\"Ukrainisches Atelier f\u00fcr Kultur und Sport\",\"description\":\"Kulturelle Begegnungen der Ukrainer in Stuttgart\",\"publisher\":{\"@id\":\"https:\/\/uaks.de\/#organization\"},\"potentialAction\":[{\"@type\":\"SearchAction\",\"target\":{\"@type\":\"EntryPoint\",\"urlTemplate\":\"https:\/\/uaks.de\/?s={search_term_string}\"},\"query-input\":{\"@type\":\"PropertyValueSpecification\",\"valueRequired\":true,\"valueName\":\"search_term_string\"}}],\"inLanguage\":\"en-GB\"},{\"@type\":\"Organization\",\"@id\":\"https:\/\/uaks.de\/#organization\",\"name\":\"Ukrainisches Atelier f\u00fcr Kultur und Sport\",\"url\":\"https:\/\/uaks.de\/\",\"logo\":{\"@type\":\"ImageObject\",\"inLanguage\":\"en-GB\",\"@id\":\"https:\/\/uaks.de\/#\/schema\/logo\/image\/\",\"url\":\"https:\/\/uaks.de\/wp-content\/uploads\/2016\/11\/logo-uaks-small-png.png\",\"contentUrl\":\"https:\/\/uaks.de\/wp-content\/uploads\/2016\/11\/logo-uaks-small-png.png\",\"width\":150,\"height\":81,\"caption\":\"Ukrainisches Atelier f\u00fcr Kultur und Sport\"},\"image\":{\"@id\":\"https:\/\/uaks.de\/#\/schema\/logo\/image\/\"},\"sameAs\":[\"https:\/\/www.facebook.com\/uaks.eV\/\"]}]}<\/script>\n<!-- \/ Yoast SEO plugin. -->","yoast_head_json":{"title":"Presse - Ukrainisches Atelier f\u00fcr Kultur und Sport","robots":{"index":"index","follow":"follow","max-snippet":"max-snippet:-1","max-image-preview":"max-image-preview:large","max-video-preview":"max-video-preview:-1"},"canonical":"https:\/\/uaks.de\/en\/presse\/","og_locale":"en_GB","og_type":"article","og_title":"Presse - Ukrainisches Atelier f\u00fcr Kultur und Sport","og_description":"Pressehttp:\/\/marriott-stiftung.de\/portfolio-item\/projekt-3\/https:\/\/uaculture.ucf.in.ua\/en\/organisations\/ukrainian-atelier-of-culture-and-sport\/https:\/\/chytomo.com\/prosto-zroby-tse-khto-i-iak-stvoriuie-ukrainski-polychky-u-nimechchyni\/https:\/\/www.ukrinform.ua\/rubric-diaspora\/2453006-na-pivdni-nimeccini-pokazali-ukrainske-kino.htmlhttps:\/\/www.ukrainianphotographers.com\/uni-story\/sms-iz-mariupolyawww.boersenblatt.net\/service\/spotlight-auf-die-zeitgenoessische-literatur-der-ukraine-393945\/online-schwerpunkt\/schenk\/16-10-2025Kreissparkasse WaiblingenDE 02 6025 0010 0015 1766 44BIC: SOLADES1WBN BW Bank StuttgartIBAN: DE17600501010002857079BIC: SOLADEST600 PayPalEmail: info@uaks.de Verwendungszweck: Ukraine-HilfeMenschen in der Ukraine ben\u00f6tigen aktuell alles m\u00f6gliche an Medikamenten und Verbandsmaterial. Von [&hellip;]","og_url":"https:\/\/uaks.de\/en\/presse\/","og_site_name":"Ukrainisches Atelier f\u00fcr Kultur und Sport","article_publisher":"https:\/\/www.facebook.com\/uaks.eV\/","article_modified_time":"2026-01-05T14:48:42+00:00","twitter_card":"summary_large_image","twitter_misc":{"Estimated reading time":"5 minutes"},"schema":{"@context":"https:\/\/schema.org","@graph":[{"@type":"WebPage","@id":"https:\/\/uaks.de\/presse\/","url":"https:\/\/uaks.de\/presse\/","name":"Presse - Ukrainisches Atelier f\u00fcr Kultur und Sport","isPartOf":{"@id":"https:\/\/uaks.de\/#website"},"datePublished":"2025-11-24T13:05:52+00:00","dateModified":"2026-01-05T14:48:42+00:00","breadcrumb":{"@id":"https:\/\/uaks.de\/presse\/#breadcrumb"},"inLanguage":"en-GB","potentialAction":[{"@type":"ReadAction","target":["https:\/\/uaks.de\/presse\/"]}]},{"@type":"BreadcrumbList","@id":"https:\/\/uaks.de\/presse\/#breadcrumb","itemListElement":[{"@type":"ListItem","position":1,"name":"Startseite","item":"https:\/\/uaks.de\/"},{"@type":"ListItem","position":2,"name":"Presse"}]},{"@type":"WebSite","@id":"https:\/\/uaks.de\/#website","url":"https:\/\/uaks.de\/","name":"Ukrainian studio for culture and sport","description":"Cultural encounters of Ukrainians in Stuttgart","publisher":{"@id":"https:\/\/uaks.de\/#organization"},"potentialAction":[{"@type":"SearchAction","target":{"@type":"EntryPoint","urlTemplate":"https:\/\/uaks.de\/?s={search_term_string}"},"query-input":{"@type":"PropertyValueSpecification","valueRequired":true,"valueName":"search_term_string"}}],"inLanguage":"en-GB"},{"@type":"Organization","@id":"https:\/\/uaks.de\/#organization","name":"Ukrainian studio for culture and sport","url":"https:\/\/uaks.de\/","logo":{"@type":"ImageObject","inLanguage":"en-GB","@id":"https:\/\/uaks.de\/#\/schema\/logo\/image\/","url":"https:\/\/uaks.de\/wp-content\/uploads\/2016\/11\/logo-uaks-small-png.png","contentUrl":"https:\/\/uaks.de\/wp-content\/uploads\/2016\/11\/logo-uaks-small-png.png","width":150,"height":81,"caption":"Ukrainisches Atelier f\u00fcr Kultur und Sport"},"image":{"@id":"https:\/\/uaks.de\/#\/schema\/logo\/image\/"},"sameAs":["https:\/\/www.facebook.com\/uaks.eV\/"]}]}},"_links":{"self":[{"href":"https:\/\/uaks.de\/en\/wp-json\/wp\/v2\/pages\/5265","targetHints":{"allow":["GET"]}}],"collection":[{"href":"https:\/\/uaks.de\/en\/wp-json\/wp\/v2\/pages"}],"about":[{"href":"https:\/\/uaks.de\/en\/wp-json\/wp\/v2\/types\/page"}],"author":[{"embeddable":true,"href":"https:\/\/uaks.de\/en\/wp-json\/wp\/v2\/users\/1"}],"replies":[{"embeddable":true,"href":"https:\/\/uaks.de\/en\/wp-json\/wp\/v2\/comments?post=5265"}],"version-history":[{"count":12,"href":"https:\/\/uaks.de\/en\/wp-json\/wp\/v2\/pages\/5265\/revisions"}],"predecessor-version":[{"id":5382,"href":"https:\/\/uaks.de\/en\/wp-json\/wp\/v2\/pages\/5265\/revisions\/5382"}],"wp:attachment":[{"href":"https:\/\/uaks.de\/en\/wp-json\/wp\/v2\/media?parent=5265"}],"wp:term":[{"taxonomy":"difl_page_category","embeddable":true,"href":"https:\/\/uaks.de\/en\/wp-json\/wp\/v2\/difl_page_category?post=5265"}],"curies":[{"name":"wp","href":"https:\/\/api.w.org\/{rel}","templated":true}]}}