{"id":663,"date":"2017-05-23T15:26:28","date_gmt":"2017-05-23T14:26:28","guid":{"rendered":"https:\/\/uaks.de\/?page_id=663"},"modified":"2024-04-26T16:34:43","modified_gmt":"2024-04-26T15:34:43","slug":"spenden","status":"publish","type":"page","link":"https:\/\/uaks.de\/en\/spenden\/","title":{"rendered":"Donations"},"content":{"rendered":"<p>[et_pb_section fb_built=&#8220;1&#8243; fullwidth=&#8220;on&#8220; theme_builder_area=&#8220;post_content&#8220; _builder_version=&#8220;4.23.1&#8243; _module_preset=&#8220;default&#8220;][et_pb_fullwidth_image src=&#8220;https:\/\/uaks.de\/wp-content\/uploads\/2022\/02\/helpukraine.jpg&#8220; _builder_version=&#8220;4.23.1&#8243; _module_preset=&#8220;default&#8220; theme_builder_area=&#8220;post_content&#8220; title_text=&#8220;helpukraine&#8220; hover_enabled=&#8220;0&#8243; sticky_enabled=&#8220;0&#8243;][\/et_pb_fullwidth_image][\/et_pb_section][et_pb_section fb_built=&#8220;1&#8243; admin_label=&#8220;section&#8220; _builder_version=&#8220;4.16&#8243; global_colors_info=&#8220;{}&#8220;][et_pb_row admin_label=&#8220;row&#8220; _builder_version=&#8220;4.16&#8243; background_size=&#8220;initial&#8220; background_position=&#8220;top_left&#8220; background_repeat=&#8220;repeat&#8220; global_colors_info=&#8220;{}&#8220;][et_pb_column type=&#8220;4_4&#8243; _builder_version=&#8220;4.16&#8243; custom_padding=&#8220;|||&#8220; global_colors_info=&#8220;{}&#8220; custom_padding__hover=&#8220;|||&#8220;][et_pb_text admin_label=&#8220;Text&#8220; _builder_version=&#8220;4.23.1&#8243; background_size=&#8220;initial&#8220; background_position=&#8220;top_left&#8220; background_repeat=&#8220;repeat&#8220; hover_enabled=&#8220;0&#8243; global_colors_info=&#8220;{}&#8220; sticky_enabled=&#8220;0&#8243;]<\/p>\n<h2 class=\"widget-title\">Spenden und Spendenbescheinigung erhalten:<\/h2>\n<p>Unser Verein verfolgt ausschlie\u00dflich und unmittelbar gemeinn\u00fctzige und mildt\u00e4tige Zwecke im Sinne des Abschnitts \u201eSteuerbeg\u00fcnstigte Zwecke\u201c der Abgabenordnung. Der Verein ist selbstlos t\u00e4tig, er verfolgt in erster Linie keine eigenwirtschaftliche Zwecke. Mittel des Vereins d\u00fcrfen nur f\u00fcr die satzungsm\u00e4\u00dfigen Zwecke verwendet werden (Bescheid vom Finanzamt Stuttgart-K\u00f6rperschaften vom 15.12.2022 nach \u00a760a Abs. 1 AO \u00fcber die gesonderte Feststellung der Einhaltung der satzungsm\u00e4\u00dfigen Voraussetzungen nach den \u00a7\u00a7 51, 59, 60 und 61 AO).<\/p>\n<p><strong>Zahlungsempf\u00e4nger: <\/strong><\/p>\n<p><strong>Ukrainisches Atelier f\u00fcr Kultur &amp; Sport e. V.<\/strong><\/p>\n<p><strong>Kreissparkasse Waiblingen<\/strong><br \/>DE 02 6025 0010 0015 1766 44<br \/>BIC: SOLADES1WBN<\/p>\n<p><strong>BW Bank Stuttgart<\/strong><br \/>IBAN: DE17600501010002857079<br \/>BIC: SOLADEST600<\/p>\n<p>Oder per PayPal: <a href=\"mailto:info@uaks.de\">info@uaks.de<\/a>\u00a0<br \/><span>Verwendungszweck (bsp.): Ukraine-Hilfe<\/span><\/p>\n<form action=\"https:\/\/www.paypal.com\/cgi-bin\/webscr\" method=\"post\" target=\"_blank\">Wenn Sie eine Spendenbescheinigung ben\u00f6tigen, schreiben Sie uns bitte eine E-Mail an <a href=\"mailto:info@uaks.de\">info@uaks.de<\/a>\u00a0mit den folgenden Informationen:<\/form>\n<ul>\n<li>Vorname und Name<\/li>\n<li>Anschrift<\/li>\n<li>Datum und Betrag des Spendens<\/li>\n<\/ul>\n<p>&nbsp;<\/p>\n<p>[\/et_pb_text][\/et_pb_column][\/et_pb_row][\/et_pb_section]<\/p>\n","protected":false},"excerpt":{"rendered":"<p>[et_pb_section fb_built=&#8220;1&#8243; fullwidth=&#8220;on&#8220; theme_builder_area=&#8220;post_content&#8220; _builder_version=&#8220;4.23.1&#8243; _module_preset=&#8220;default&#8220;][et_pb_fullwidth_image src=&#8220;https:\/\/uaks.de\/wp-content\/uploads\/2022\/02\/helpukraine.jpg&#8220; _builder_version=&#8220;4.23.1&#8243; _module_preset=&#8220;default&#8220; theme_builder_area=&#8220;post_content&#8220; title_text=&#8220;helpukraine&#8220; hover_enabled=&#8220;0&#8243; sticky_enabled=&#8220;0&#8243;][\/et_pb_fullwidth_image][\/et_pb_section][et_pb_section fb_built=&#8220;1&#8243; admin_label=&#8220;section&#8220; _builder_version=&#8220;4.16&#8243; global_colors_info=&#8220;{}&#8220;][et_pb_row admin_label=&#8220;row&#8220; _builder_version=&#8220;4.16&#8243; background_size=&#8220;initial&#8220; background_position=&#8220;top_left&#8220; background_repeat=&#8220;repeat&#8220; global_colors_info=&#8220;{}&#8220;][et_pb_column type=&#8220;4_4&#8243; _builder_version=&#8220;4.16&#8243; custom_padding=&#8220;|||&#8220; global_colors_info=&#8220;{}&#8220; custom_padding__hover=&#8220;|||&#8220;][et_pb_text admin_label=&#8220;Text&#8220; _builder_version=&#8220;4.23.1&#8243; [&hellip;]<\/p>\n","protected":false},"author":1,"featured_media":0,"parent":0,"menu_order":0,"comment_status":"closed","ping_status":"closed","template":"","meta":{"_et_pb_use_builder":"","_et_pb_old_content":"","_et_gb_content_width":"","footnotes":""},"difl_page_category":[],"class_list":["post-663","page","type-page","status-publish","hentry"],"yoast_head":"<!-- This site is optimized with the Yoast SEO plugin v27.2 - https:\/\/yoast.com\/product\/yoast-seo-wordpress\/ -->\n<title>Spenden - Ukrainisches Atelier f\u00fcr Kultur und Sport<\/title>\n<meta name=\"robots\" content=\"index, follow, max-snippet:-1, max-image-preview:large, max-video-preview:-1\" \/>\n<link rel=\"canonical\" href=\"https:\/\/uaks.de\/en\/spenden\/\" \/>\n<meta property=\"og:locale\" content=\"en_GB\" \/>\n<meta property=\"og:type\" content=\"article\" \/>\n<meta property=\"og:title\" content=\"Spenden - Ukrainisches Atelier f\u00fcr Kultur und Sport\" \/>\n<meta property=\"og:description\" content=\"[et_pb_section fb_built=&#8220;1&#8243; fullwidth=&#8220;on&#8220; theme_builder_area=&#8220;post_content&#8220; _builder_version=&#8220;4.23.1&#8243; _module_preset=&#8220;default&#8220;][et_pb_fullwidth_image src=&#8220;https:\/\/uaks.de\/wp-content\/uploads\/2022\/02\/helpukraine.jpg&#8220; _builder_version=&#8220;4.23.1&#8243; _module_preset=&#8220;default&#8220; theme_builder_area=&#8220;post_content&#8220; title_text=&#8220;helpukraine&#8220; hover_enabled=&#8220;0&#8243; sticky_enabled=&#8220;0&#8243;][\/et_pb_fullwidth_image][\/et_pb_section][et_pb_section fb_built=&#8220;1&#8243; admin_label=&#8220;section&#8220; _builder_version=&#8220;4.16&#8243; global_colors_info=&#8220;{}&#8220;][et_pb_row admin_label=&#8220;row&#8220; _builder_version=&#8220;4.16&#8243; background_size=&#8220;initial&#8220; background_position=&#8220;top_left&#8220; background_repeat=&#8220;repeat&#8220; global_colors_info=&#8220;{}&#8220;][et_pb_column type=&#8220;4_4&#8243; _builder_version=&#8220;4.16&#8243; custom_padding=&#8220;|||&#8220; global_colors_info=&#8220;{}&#8220; custom_padding__hover=&#8220;|||&#8220;][et_pb_text admin_label=&#8220;Text&#8220; _builder_version=&#8220;4.23.1&#8243; [&hellip;]\" \/>\n<meta property=\"og:url\" content=\"https:\/\/uaks.de\/en\/spenden\/\" \/>\n<meta property=\"og:site_name\" content=\"Ukrainisches Atelier f\u00fcr Kultur und Sport\" \/>\n<meta property=\"article:publisher\" content=\"https:\/\/www.facebook.com\/uaks.eV\/\" \/>\n<meta property=\"article:modified_time\" content=\"2024-04-26T15:34:43+00:00\" \/>\n<meta name=\"twitter:card\" content=\"summary_large_image\" \/>\n<meta name=\"twitter:label1\" content=\"Estimated reading time\" \/>\n\t<meta name=\"twitter:data1\" content=\"1 minute\" \/>\n<script type=\"application\/ld+json\" class=\"yoast-schema-graph\">{\"@context\":\"https:\/\/schema.org\",\"@graph\":[{\"@type\":\"WebPage\",\"@id\":\"https:\/\/uaks.de\/spenden\/\",\"url\":\"https:\/\/uaks.de\/spenden\/\",\"name\":\"Spenden - Ukrainisches Atelier f\u00fcr Kultur und Sport\",\"isPartOf\":{\"@id\":\"https:\/\/uaks.de\/#website\"},\"datePublished\":\"2017-05-23T14:26:28+00:00\",\"dateModified\":\"2024-04-26T15:34:43+00:00\",\"breadcrumb\":{\"@id\":\"https:\/\/uaks.de\/spenden\/#breadcrumb\"},\"inLanguage\":\"en-GB\",\"potentialAction\":[{\"@type\":\"ReadAction\",\"target\":[\"https:\/\/uaks.de\/spenden\/\"]}]},{\"@type\":\"BreadcrumbList\",\"@id\":\"https:\/\/uaks.de\/spenden\/#breadcrumb\",\"itemListElement\":[{\"@type\":\"ListItem\",\"position\":1,\"name\":\"Startseite\",\"item\":\"https:\/\/uaks.de\/\"},{\"@type\":\"ListItem\",\"position\":2,\"name\":\"Spenden\"}]},{\"@type\":\"WebSite\",\"@id\":\"https:\/\/uaks.de\/#website\",\"url\":\"https:\/\/uaks.de\/\",\"name\":\"Ukrainisches Atelier f\u00fcr Kultur und Sport\",\"description\":\"Kulturelle Begegnungen der Ukrainer in Stuttgart\",\"publisher\":{\"@id\":\"https:\/\/uaks.de\/#organization\"},\"potentialAction\":[{\"@type\":\"SearchAction\",\"target\":{\"@type\":\"EntryPoint\",\"urlTemplate\":\"https:\/\/uaks.de\/?s={search_term_string}\"},\"query-input\":{\"@type\":\"PropertyValueSpecification\",\"valueRequired\":true,\"valueName\":\"search_term_string\"}}],\"inLanguage\":\"en-GB\"},{\"@type\":\"Organization\",\"@id\":\"https:\/\/uaks.de\/#organization\",\"name\":\"Ukrainisches Atelier f\u00fcr Kultur und Sport\",\"url\":\"https:\/\/uaks.de\/\",\"logo\":{\"@type\":\"ImageObject\",\"inLanguage\":\"en-GB\",\"@id\":\"https:\/\/uaks.de\/#\/schema\/logo\/image\/\",\"url\":\"https:\/\/uaks.de\/wp-content\/uploads\/2016\/11\/logo-uaks-small-png.png\",\"contentUrl\":\"https:\/\/uaks.de\/wp-content\/uploads\/2016\/11\/logo-uaks-small-png.png\",\"width\":150,\"height\":81,\"caption\":\"Ukrainisches Atelier f\u00fcr Kultur und Sport\"},\"image\":{\"@id\":\"https:\/\/uaks.de\/#\/schema\/logo\/image\/\"},\"sameAs\":[\"https:\/\/www.facebook.com\/uaks.eV\/\"]}]}<\/script>\n<!-- \/ Yoast SEO plugin. -->","yoast_head_json":{"title":"Spenden - Ukrainisches Atelier f\u00fcr Kultur und Sport","robots":{"index":"index","follow":"follow","max-snippet":"max-snippet:-1","max-image-preview":"max-image-preview:large","max-video-preview":"max-video-preview:-1"},"canonical":"https:\/\/uaks.de\/en\/spenden\/","og_locale":"en_GB","og_type":"article","og_title":"Spenden - Ukrainisches Atelier f\u00fcr Kultur und Sport","og_description":"[et_pb_section fb_built=&#8220;1&#8243; fullwidth=&#8220;on&#8220; theme_builder_area=&#8220;post_content&#8220; _builder_version=&#8220;4.23.1&#8243; _module_preset=&#8220;default&#8220;][et_pb_fullwidth_image src=&#8220;https:\/\/uaks.de\/wp-content\/uploads\/2022\/02\/helpukraine.jpg&#8220; _builder_version=&#8220;4.23.1&#8243; _module_preset=&#8220;default&#8220; theme_builder_area=&#8220;post_content&#8220; title_text=&#8220;helpukraine&#8220; hover_enabled=&#8220;0&#8243; sticky_enabled=&#8220;0&#8243;][\/et_pb_fullwidth_image][\/et_pb_section][et_pb_section fb_built=&#8220;1&#8243; admin_label=&#8220;section&#8220; _builder_version=&#8220;4.16&#8243; global_colors_info=&#8220;{}&#8220;][et_pb_row admin_label=&#8220;row&#8220; _builder_version=&#8220;4.16&#8243; background_size=&#8220;initial&#8220; background_position=&#8220;top_left&#8220; background_repeat=&#8220;repeat&#8220; global_colors_info=&#8220;{}&#8220;][et_pb_column type=&#8220;4_4&#8243; _builder_version=&#8220;4.16&#8243; custom_padding=&#8220;|||&#8220; global_colors_info=&#8220;{}&#8220; custom_padding__hover=&#8220;|||&#8220;][et_pb_text admin_label=&#8220;Text&#8220; _builder_version=&#8220;4.23.1&#8243; [&hellip;]","og_url":"https:\/\/uaks.de\/en\/spenden\/","og_site_name":"Ukrainisches Atelier f\u00fcr Kultur und Sport","article_publisher":"https:\/\/www.facebook.com\/uaks.eV\/","article_modified_time":"2024-04-26T15:34:43+00:00","twitter_card":"summary_large_image","twitter_misc":{"Estimated reading time":"1 minute"},"schema":{"@context":"https:\/\/schema.org","@graph":[{"@type":"WebPage","@id":"https:\/\/uaks.de\/spenden\/","url":"https:\/\/uaks.de\/spenden\/","name":"Spenden - Ukrainisches Atelier f\u00fcr Kultur und Sport","isPartOf":{"@id":"https:\/\/uaks.de\/#website"},"datePublished":"2017-05-23T14:26:28+00:00","dateModified":"2024-04-26T15:34:43+00:00","breadcrumb":{"@id":"https:\/\/uaks.de\/spenden\/#breadcrumb"},"inLanguage":"en-GB","potentialAction":[{"@type":"ReadAction","target":["https:\/\/uaks.de\/spenden\/"]}]},{"@type":"BreadcrumbList","@id":"https:\/\/uaks.de\/spenden\/#breadcrumb","itemListElement":[{"@type":"ListItem","position":1,"name":"Startseite","item":"https:\/\/uaks.de\/"},{"@type":"ListItem","position":2,"name":"Spenden"}]},{"@type":"WebSite","@id":"https:\/\/uaks.de\/#website","url":"https:\/\/uaks.de\/","name":"Ukrainian studio for culture and sport","description":"Cultural encounters of Ukrainians in Stuttgart","publisher":{"@id":"https:\/\/uaks.de\/#organization"},"potentialAction":[{"@type":"SearchAction","target":{"@type":"EntryPoint","urlTemplate":"https:\/\/uaks.de\/?s={search_term_string}"},"query-input":{"@type":"PropertyValueSpecification","valueRequired":true,"valueName":"search_term_string"}}],"inLanguage":"en-GB"},{"@type":"Organization","@id":"https:\/\/uaks.de\/#organization","name":"Ukrainian studio for culture and sport","url":"https:\/\/uaks.de\/","logo":{"@type":"ImageObject","inLanguage":"en-GB","@id":"https:\/\/uaks.de\/#\/schema\/logo\/image\/","url":"https:\/\/uaks.de\/wp-content\/uploads\/2016\/11\/logo-uaks-small-png.png","contentUrl":"https:\/\/uaks.de\/wp-content\/uploads\/2016\/11\/logo-uaks-small-png.png","width":150,"height":81,"caption":"Ukrainisches Atelier f\u00fcr Kultur und Sport"},"image":{"@id":"https:\/\/uaks.de\/#\/schema\/logo\/image\/"},"sameAs":["https:\/\/www.facebook.com\/uaks.eV\/"]}]}},"_links":{"self":[{"href":"https:\/\/uaks.de\/en\/wp-json\/wp\/v2\/pages\/663","targetHints":{"allow":["GET"]}}],"collection":[{"href":"https:\/\/uaks.de\/en\/wp-json\/wp\/v2\/pages"}],"about":[{"href":"https:\/\/uaks.de\/en\/wp-json\/wp\/v2\/types\/page"}],"author":[{"embeddable":true,"href":"https:\/\/uaks.de\/en\/wp-json\/wp\/v2\/users\/1"}],"replies":[{"embeddable":true,"href":"https:\/\/uaks.de\/en\/wp-json\/wp\/v2\/comments?post=663"}],"version-history":[{"count":0,"href":"https:\/\/uaks.de\/en\/wp-json\/wp\/v2\/pages\/663\/revisions"}],"wp:attachment":[{"href":"https:\/\/uaks.de\/en\/wp-json\/wp\/v2\/media?parent=663"}],"wp:term":[{"taxonomy":"difl_page_category","embeddable":true,"href":"https:\/\/uaks.de\/en\/wp-json\/wp\/v2\/difl_page_category?post=663"}],"curies":[{"name":"wp","href":"https:\/\/api.w.org\/{rel}","templated":true}]}}